{"id":166,"date":"2025-04-01T17:51:18","date_gmt":"2025-04-01T17:51:18","guid":{"rendered":"https:\/\/preprod.snifdogs-switzerland.ch\/?page_id=166"},"modified":"2025-04-29T16:00:33","modified_gmt":"2025-04-29T14:00:33","slug":"about","status":"publish","type":"page","link":"https:\/\/snifdogs-switzerland.ch\/fr\/about\/","title":{"rendered":"Qui sommes nous"},"content":{"rendered":"<p class=\"translation-block\"><strong>SNIF Dogs Switzerland<\/strong>\u00a0est une association \u00e0 but non-lucrative, dont son dernier projet est consacr\u00e9 \u00e0 <strong>la formation et la promotion de chiens d\u2019assistance<\/strong>. Nous nous concentrons sur la formation supervis\u00e9e, o\u00f9 les personnes ayant des besoins particuliers (maladies chroniques, telles que le diab\u00e8te, l'\u00e9pilepsie, les allergies potentiellement mortelles et autres handicaps) apprennent \u00e0 dresser elles-m\u00eames leur propre chien - avec le soutien de nos formatrices sp\u00e9cialis\u00e9s.<\/p>\n\n\n\n<p class=\"translation-block\">En tant que personne concern\u00e9e, vous savez mieux que quiconque ce dont vous avez besoin au quotidien. Pour le dressage de votre chien d'assistance, nous mettons \u00e0 votre disposition notre expertise et notre vaste exp\u00e9rience. Nous vous accompagnons, vous et votre chien, \u00e0 chaque \u00e9tape du processus de dressage, avec un suivi personnalis\u00e9.<\/p>\n\n\n\n<div class=\"wp-block-group is-style-flexia-sm-bg-shadow has-secondary-background-color has-background has-global-padding is-layout-constrained wp-container-core-group-is-layout-c385debf wp-block-group-is-layout-constrained\" style=\"border-radius:20px;padding-top:var(--wp--preset--spacing--20);padding-right:var(--wp--preset--spacing--20);padding-bottom:var(--wp--preset--spacing--20);padding-left:var(--wp--preset--spacing--20);box-shadow:6px 6px 9px rgba(0, 0, 0, 0.2)\">\n<div class=\"wp-block-media-text has-media-on-the-right is-stacked-on-mobile is-image-fill-element\" style=\"border-style:none;border-width:0px;border-radius:0px;grid-template-columns:auto 45%\"><div class=\"wp-block-media-text__content\">\n<div class=\"wp-block-group has-global-padding is-layout-constrained wp-block-group-is-layout-constrained\" style=\"padding-top:var(--wp--preset--spacing--20);padding-bottom:0\">\n<h2 class=\"wp-block-heading has-text-align-center\">Formatrices sp\u00e9cialis\u00e9es<\/h2>\n\n\n\n<p>Pr\u00e9sentation de nos formatrices sp\u00e9cialis\u00e9es et exp\u00e9riment\u00e9es.<\/p>\n\n\n\n<div class=\"wp-block-buttons is-content-justification-center is-layout-flex wp-container-core-buttons-is-layout-a89b3969 wp-block-buttons-is-layout-flex\" style=\"border-style:none;border-width:0px;border-radius:0px\">\n<div class=\"wp-block-button is-style-fill\"><a class=\"wp-block-button__link has-body-white-color has-text-color has-link-color wp-element-button\" href=\"https:\/\/snifdogs-switzerland.ch\/fr\/about\/formatrices-specialisees\/\" style=\"border-style:none;border-width:0px;border-radius:8px\">Qui sommes-nous ?<\/a><\/div>\n<\/div>\n<\/div>\n<\/div><figure class=\"wp-block-media-text__media\"><img data-dominant-color=\"877d73\" data-has-transparency=\"false\" alt=\"\" loading=\"lazy\" decoding=\"async\" width=\"1024\" height=\"768\" src=\"https:\/\/snifdogs-switzerland.ch\/wp-content\/uploads\/2025\/04\/IMG_7553-1024x768.jpeg\" class=\"wp-image-488 size-large not-transparent\" style=\"--dominant-color: #877d73; object-position:50% 50%\" srcset=\"https:\/\/snifdogs-switzerland.ch\/wp-content\/uploads\/2025\/04\/IMG_7553-1024x768.jpeg 1024w, https:\/\/snifdogs-switzerland.ch\/wp-content\/uploads\/2025\/04\/IMG_7553-300x225.jpeg 300w, https:\/\/snifdogs-switzerland.ch\/wp-content\/uploads\/2025\/04\/IMG_7553-768x576.jpeg 768w, https:\/\/snifdogs-switzerland.ch\/wp-content\/uploads\/2025\/04\/IMG_7553-1536x1152.jpeg 1536w, https:\/\/snifdogs-switzerland.ch\/wp-content\/uploads\/2025\/04\/IMG_7553-2048x1536.jpeg 2048w\" sizes=\"auto, (max-width: 1024px) 100vw, 1024px\" \/><\/figure><\/div>\n<\/div>\n\n\n\n<div class=\"wp-block-group is-style-flexia-sm-bg-shadow has-secondary-background-color has-background has-global-padding is-layout-constrained wp-container-core-group-is-layout-c385debf wp-block-group-is-layout-constrained\" style=\"border-radius:20px;padding-top:var(--wp--preset--spacing--20);padding-right:var(--wp--preset--spacing--20);padding-bottom:var(--wp--preset--spacing--20);padding-left:var(--wp--preset--spacing--20);box-shadow:6px 6px 9px rgba(0, 0, 0, 0.2)\">\n<div class=\"wp-block-media-text is-stacked-on-mobile is-image-fill-element\" style=\"border-style:none;border-width:0px;border-radius:0px;grid-template-columns:45% auto\"><figure class=\"wp-block-media-text__media\"><img data-dominant-color=\"6c6752\" data-has-transparency=\"false\" alt=\"\" loading=\"lazy\" decoding=\"async\" width=\"1024\" height=\"732\" src=\"https:\/\/snifdogs-switzerland.ch\/wp-content\/uploads\/2025\/04\/verein-1-e1744238521333-1024x732.png\" class=\"wp-image-539 size-large not-transparent\" style=\"--dominant-color: #6c6752; object-position:50% 50%\" srcset=\"https:\/\/snifdogs-switzerland.ch\/wp-content\/uploads\/2025\/04\/verein-1-e1744238521333-1024x732.png 1024w, https:\/\/snifdogs-switzerland.ch\/wp-content\/uploads\/2025\/04\/verein-1-e1744238521333-300x215.png 300w, https:\/\/snifdogs-switzerland.ch\/wp-content\/uploads\/2025\/04\/verein-1-e1744238521333-768x549.png 768w, https:\/\/snifdogs-switzerland.ch\/wp-content\/uploads\/2025\/04\/verein-1-e1744238521333-1536x1098.png 1536w, https:\/\/snifdogs-switzerland.ch\/wp-content\/uploads\/2025\/04\/verein-1-e1744238521333-2048x1464.png 2048w\" sizes=\"auto, (max-width: 1024px) 100vw, 1024px\" \/><\/figure><div class=\"wp-block-media-text__content\">\n<div class=\"wp-block-group has-global-padding is-layout-constrained wp-block-group-is-layout-constrained\" style=\"padding-top:var(--wp--preset--spacing--20);padding-bottom:0\">\n<h2 class=\"wp-block-heading has-text-align-center\">Association<\/h2>\n\n\n\n<p>Plus d'informations sur l'association et ses membres.<\/p>\n\n\n\n<div class=\"wp-block-buttons is-content-justification-center is-layout-flex wp-container-core-buttons-is-layout-a89b3969 wp-block-buttons-is-layout-flex\" style=\"border-style:none;border-width:0px;border-radius:0px\">\n<div class=\"wp-block-button is-style-fill\"><a class=\"wp-block-button__link has-body-white-color has-text-color has-link-color wp-element-button\" href=\"https:\/\/snifdogs-switzerland.ch\/fr\/about\/association\/\" style=\"border-style:none;border-width:0px;border-radius:8px\">D\u00e9couvrez-nous<\/a><\/div>\n<\/div>\n<\/div>\n<\/div><\/div>\n<\/div>\n\n\n\n<h3 class=\"wp-block-heading\">Notre partenaire<\/h3>\n\n\n\n<div class=\"wp-block-group is-vertical is-layout-flex wp-container-core-group-is-layout-eec88fa7 wp-block-group-is-layout-flex\" style=\"margin-top:var(--wp--preset--spacing--30);margin-bottom:var(--wp--preset--spacing--30)\">\n<div class=\"wp-block-columns custom-wrap-reverse is-layout-flex wp-container-core-columns-is-layout-28f84493 wp-block-columns-is-layout-flex\">\n<div class=\"wp-block-column custom-wrap-reverse is-layout-flow wp-block-column-is-layout-flow\" style=\"flex-basis:25%\">\n<figure class=\"wp-block-image aligncenter size-full is-resized\"><a href=\"https:\/\/medical-flair.ch\/\" target=\"_blank\" rel=\" noreferrer noopener\"><img data-dominant-color=\"6b962d\" data-has-transparency=\"true\" alt=\"\" loading=\"lazy\" decoding=\"async\" width=\"360\" height=\"362\" sizes=\"auto, (max-width: 174px) 100vw, 174px\" src=\"https:\/\/snifdogs-switzerland.ch\/wp-content\/uploads\/2025\/04\/medical-flair-grand.png\" class=\"wp-image-547 has-transparency\" style=\"--dominant-color: #6b962d; aspect-ratio:3\/2;object-fit:cover;width:174px;height:auto\" srcset=\"https:\/\/snifdogs-switzerland.ch\/wp-content\/uploads\/2025\/04\/medical-flair-grand.png 360w, https:\/\/snifdogs-switzerland.ch\/wp-content\/uploads\/2025\/04\/medical-flair-grand-298x300.png 298w, https:\/\/snifdogs-switzerland.ch\/wp-content\/uploads\/2025\/04\/medical-flair-grand-150x150.png 150w\" \/><\/a><\/figure>\n<\/div>\n\n\n\n<div class=\"wp-block-column is-layout-flow wp-block-column-is-layout-flow\" style=\"flex-basis:70%\">\n<p>SNIF Dogs Switzerland travaille en \u00e9troite collaboration avec <a href=\"https:\/\/medical-flair.ch\/\" data-type=\"link\" data-id=\"https:\/\/medical-flair.ch\/\" target=\"_blank\" rel=\"noreferrer noopener\">Flair m\u00e9dical<\/a>  , Centre de Formation reconnu pour chiens d'assistance en Suisse romande. Gr\u00e2ce \u00e0 ce partenariat, nous garantissons que notre approche commune de formation repose sur les normes de qualit\u00e9 les plus \u00e9lev\u00e9es.<\/p>\n<\/div>\n<\/div>\n<\/div>\n\n\n\n<div class=\"wp-block-group alignfull is-style-default has-secondary-background-color has-background has-global-padding is-layout-constrained wp-container-core-group-is-layout-71d73b41 wp-block-group-is-layout-constrained\" style=\"margin-top:var(--wp--preset--spacing--50);margin-bottom:var(--wp--preset--spacing--50);padding-top:var(--wp--preset--spacing--20);padding-right:var(--wp--preset--spacing--20);padding-bottom:var(--wp--preset--spacing--20);padding-left:var(--wp--preset--spacing--20);box-shadow:none\">\n<p class=\"has-text-align-center\">Envie d'en savoir plus\u00a0? <br><strong>Contactez-nous \u00e0 tout moment.<\/strong><\/p>\n\n\n\n<div class=\"wp-block-buttons is-content-justification-center is-layout-flex wp-container-core-buttons-is-layout-a89b3969 wp-block-buttons-is-layout-flex\" style=\"border-radius:20px\">\n<div class=\"wp-block-button is-style-flexia-btn-theme\"><a class=\"wp-block-button__link has-body-white-color has-text-color has-link-color wp-element-button\" href=\"https:\/\/snifdogs-switzerland.ch\/fr\/contact\/\" style=\"border-radius:8px\">Contact<\/a><\/div>\n<\/div>\n<\/div>","protected":false},"excerpt":{"rendered":"<p>SNIF Dogs Switzerland ist ein gemeinn\u00fctziger Verein, der sich im aktuellsten Projekt mit der Ausbildung und F\u00f6rderung von Assistenzhunden widmet. Unser Fokus liegt auf der begleiteten Ausbildung, bei der Sie Ihren Hund mit Unterst\u00fctzung unserer Fachtrainerinnen selbst ausbilden. Sie als betroffene Person wissen am besten, was Sie im Alltag brauchen. F\u00fcr die Ausbildung Ihres Assistenzhundes [&hellip;]<\/p>\n","protected":false},"author":1,"featured_media":1311,"parent":0,"menu_order":0,"comment_status":"closed","ping_status":"closed","template":"","meta":{"_seopress_robots_primary_cat":"","_seopress_titles_title":"\u00dcber uns - SNIF Dogs Switzerland","_seopress_titles_desc":"SNIF Dogs Switzerland ist ein gemeinn\u00fctziger Verein, der sich mit der Ausbildung und F\u00f6rderung von Assistenzhunden widmet.","_seopress_robots_index":"","footnotes":""},"class_list":["post-166","page","type-page","status-publish","has-post-thumbnail","hentry"],"_links":{"self":[{"href":"https:\/\/snifdogs-switzerland.ch\/fr\/wp-json\/wp\/v2\/pages\/166","targetHints":{"allow":["GET"]}}],"collection":[{"href":"https:\/\/snifdogs-switzerland.ch\/fr\/wp-json\/wp\/v2\/pages"}],"about":[{"href":"https:\/\/snifdogs-switzerland.ch\/fr\/wp-json\/wp\/v2\/types\/page"}],"author":[{"embeddable":true,"href":"https:\/\/snifdogs-switzerland.ch\/fr\/wp-json\/wp\/v2\/users\/1"}],"replies":[{"embeddable":true,"href":"https:\/\/snifdogs-switzerland.ch\/fr\/wp-json\/wp\/v2\/comments?post=166"}],"version-history":[{"count":50,"href":"https:\/\/snifdogs-switzerland.ch\/fr\/wp-json\/wp\/v2\/pages\/166\/revisions"}],"predecessor-version":[{"id":1318,"href":"https:\/\/snifdogs-switzerland.ch\/fr\/wp-json\/wp\/v2\/pages\/166\/revisions\/1318"}],"wp:featuredmedia":[{"embeddable":true,"href":"https:\/\/snifdogs-switzerland.ch\/fr\/wp-json\/wp\/v2\/media\/1311"}],"wp:attachment":[{"href":"https:\/\/snifdogs-switzerland.ch\/fr\/wp-json\/wp\/v2\/media?parent=166"}],"curies":[{"name":"wp","href":"https:\/\/api.w.org\/{rel}","templated":true}]}}