{"id":144,"date":"2025-03-28T15:04:57","date_gmt":"2025-03-28T15:04:57","guid":{"rendered":"https:\/\/preprod.snifdogs-switzerland.ch\/?page_id=144"},"modified":"2025-04-29T15:48:46","modified_gmt":"2025-04-29T13:48:46","slug":"diabetic-alert-dog","status":"publish","type":"page","link":"https:\/\/snifdogs-switzerland.ch\/en\/ausbildung\/diabetikerwarnhund\/","title":{"rendered":"Diabetes alert dog"},"content":{"rendered":"<h1 class=\"wp-block-heading\"><\/h1>\n\n\n\n<p>Do you have diabetes and want an assistance dog that can support you in everyday life?<\/p>\n\n\n\n<h1 class=\"wp-block-heading\">How does a diabetes alert dog provide support?<\/h1>\n\n\n\n<p class=\"translation-block\">Every person experiences diabetes differently - which is why your assistance dog will be trained together with you to meet your exact needs. A well-trained assistance dog can recognise an approaching hypoglycaemia or hyperglycaemia <strong>even earlier<\/strong> than a continuous blood glucose monitor. It warns you using previously learned behaviour, such as nudging with its paw. You can take the necessary measures after you have measured the blood glucose (because the dog <strong>never replaces a control measurement<\/strong>).<\/p>\n\n\n\n<div class=\"wp-block-group is-vertical is-layout-flex wp-container-core-group-is-layout-eec88fa7 wp-block-group-is-layout-flex\" style=\"margin-top:var(--wp--preset--spacing--30);margin-bottom:var(--wp--preset--spacing--30)\">\n<div class=\"wp-block-columns is-layout-flex wp-container-core-columns-is-layout-28f84493 wp-block-columns-is-layout-flex\">\n<div class=\"wp-block-column is-layout-flow wp-block-column-is-layout-flow\" style=\"flex-basis:40%\">\n<figure class=\"wp-block-image size-full has-custom-border\"><img data-dominant-color=\"756d67\" data-has-transparency=\"false\" alt=\"\" loading=\"lazy\" decoding=\"async\" width=\"1554\" height=\"826\" sizes=\"auto, (max-width: 307px) 100vw, 307px\" src=\"https:\/\/snifdogs-switzerland.ch\/wp-content\/uploads\/2025\/04\/yucca_button-e1744830154866.png\" class=\"wp-image-511 not-transparent\" style=\"--dominant-color: #756d67; border-radius:10px;aspect-ratio:3\/2;object-fit:cover\" srcset=\"https:\/\/snifdogs-switzerland.ch\/wp-content\/uploads\/2025\/04\/yucca_button-e1744830154866.png 1554w, https:\/\/snifdogs-switzerland.ch\/wp-content\/uploads\/2025\/04\/yucca_button-e1744830154866-300x159.png 300w, https:\/\/snifdogs-switzerland.ch\/wp-content\/uploads\/2025\/04\/yucca_button-e1744830154866-1024x544.png 1024w, https:\/\/snifdogs-switzerland.ch\/wp-content\/uploads\/2025\/04\/yucca_button-e1744830154866-768x408.png 768w, https:\/\/snifdogs-switzerland.ch\/wp-content\/uploads\/2025\/04\/yucca_button-e1744830154866-1536x816.png 1536w\" \/><\/figure>\n<\/div>\n\n\n\n<div class=\"wp-block-column is-layout-flow wp-block-column-is-layout-flow\" style=\"flex-basis:70%\">\n<p class=\"translation-block\">Would you like your dog to press an <strong>emergency button<\/strong> at home or at work or <strong>get help<\/strong> if you can no longer react yourself? This can also be part of our joint training programme.<\/p>\n<\/div>\n<\/div>\n<\/div>\n\n\n\n<p class=\"translation-block\">In an emergency, an assistance dog signals to others with its vest that there is a <strong>medical issue<\/strong>. This helps, for example, bystanders to assess the situation correctly and respond appropriately.<\/p>\n\n\n\n<p class=\"translation-block\">Diabetes assistance dogs enable their owners to have more <strong>mobility<\/strong>, <strong>independence<\/strong>, and <strong>autonomy<\/strong> in life. Your certified assistance dog is allowed to accompany you to many places, such as grocery stores or restaurants.<\/p>\n\n\n\n<div class=\"wp-block-group alignfull is-style-default has-secondary-background-color has-background has-global-padding is-layout-constrained wp-container-core-group-is-layout-71d73b41 wp-block-group-is-layout-constrained\" style=\"margin-top:var(--wp--preset--spacing--50);margin-bottom:var(--wp--preset--spacing--50);padding-top:var(--wp--preset--spacing--20);padding-right:var(--wp--preset--spacing--20);padding-bottom:var(--wp--preset--spacing--20);padding-left:var(--wp--preset--spacing--20);box-shadow:none\">\n<p class=\"has-text-align-center translation-block\">Do you have your own ideas about how your dog could support you? <br><strong>Talk to us - together we'll find a solution!<\/p>\n\n\n\n<div class=\"wp-block-buttons is-content-justification-center is-layout-flex wp-container-core-buttons-is-layout-a89b3969 wp-block-buttons-is-layout-flex\" style=\"border-radius:20px\">\n<div class=\"wp-block-button is-style-fill\"><a class=\"wp-block-button__link has-body-white-color has-text-color has-link-color wp-element-button\" href=\"https:\/\/snifdogs-switzerland.ch\/en\/contact\/\" style=\"border-radius:8px\">Contact us<\/a><\/div>\n<\/div>\n<\/div>","protected":false},"excerpt":{"rendered":"<p>Sie haben Diabetes und m\u00f6chten einen Assistenzhund, der Sie im Alltag unterst\u00fctzen kann? Wie unterst\u00fctzt ein Diabetes-Warnhund? Jeder Mensch erlebt Diabetes anders &#8211; deshalb wird Ihr Assistenzhund zusammen mit Ihnen genau auf Ihre Bed\u00fcrfnisse trainiert. Ein gut ausgebildeter Assistenzhund kann eine herannahende Unter- oder \u00dcberzuckerung&nbsp;sogar fr\u00fcher als ein kontinuierliches Blutzuckermessger\u00e4t&nbsp;erkennen. Er warnt Sie durch ein [&hellip;]<\/p>\n","protected":false},"author":1,"featured_media":519,"parent":112,"menu_order":2,"comment_status":"closed","ping_status":"closed","template":"","meta":{"_seopress_robots_primary_cat":"","_seopress_titles_title":"Ausbildung Diabetes-Warnhund","_seopress_titles_desc":"Jeder Mensch erlebt Diabetes anders \u2013 deshalb wird Ihr Assistenzhund zusammen mit Ihnen genau auf Ihre Bed\u00fcrfnisse trainiert.","_seopress_robots_index":"","footnotes":""},"class_list":["post-144","page","type-page","status-publish","has-post-thumbnail","hentry"],"_links":{"self":[{"href":"https:\/\/snifdogs-switzerland.ch\/en\/wp-json\/wp\/v2\/pages\/144","targetHints":{"allow":["GET"]}}],"collection":[{"href":"https:\/\/snifdogs-switzerland.ch\/en\/wp-json\/wp\/v2\/pages"}],"about":[{"href":"https:\/\/snifdogs-switzerland.ch\/en\/wp-json\/wp\/v2\/types\/page"}],"author":[{"embeddable":true,"href":"https:\/\/snifdogs-switzerland.ch\/en\/wp-json\/wp\/v2\/users\/1"}],"replies":[{"embeddable":true,"href":"https:\/\/snifdogs-switzerland.ch\/en\/wp-json\/wp\/v2\/comments?post=144"}],"version-history":[{"count":31,"href":"https:\/\/snifdogs-switzerland.ch\/en\/wp-json\/wp\/v2\/pages\/144\/revisions"}],"predecessor-version":[{"id":1315,"href":"https:\/\/snifdogs-switzerland.ch\/en\/wp-json\/wp\/v2\/pages\/144\/revisions\/1315"}],"up":[{"embeddable":true,"href":"https:\/\/snifdogs-switzerland.ch\/en\/wp-json\/wp\/v2\/pages\/112"}],"wp:featuredmedia":[{"embeddable":true,"href":"https:\/\/snifdogs-switzerland.ch\/en\/wp-json\/wp\/v2\/media\/519"}],"wp:attachment":[{"href":"https:\/\/snifdogs-switzerland.ch\/en\/wp-json\/wp\/v2\/media?parent=144"}],"curies":[{"name":"wp","href":"https:\/\/api.w.org\/{rel}","templated":true}]}}