{"id":112,"date":"2025-03-28T14:50:06","date_gmt":"2025-03-28T14:50:06","guid":{"rendered":"https:\/\/preprod.snifdogs-switzerland.ch\/?page_id=112"},"modified":"2025-05-08T14:22:01","modified_gmt":"2025-05-08T12:22:01","slug":"training","status":"publish","type":"page","link":"https:\/\/snifdogs-switzerland.ch\/en\/ausbildung\/","title":{"rendered":"Training"},"content":{"rendered":"<p>Do you live with diabetes, epilepsy, or severe allergies and are considering whether an assistance dog could support you in everyday life?<\/p>\n\n\n\n<p class=\"translation-block\">Our experienced trainers accompany you on this journey and provide you with the necessary knowledge to train your dog yourself. We support you with <strong>expertise and empathy<\/strong> and guide you confidently through the training period.<\/p>\n\n\n\n<p class=\"translation-block\">The training includes practical exercises, theory sessions, and online modules. It usually lasts between two and three years. We operate in the canton of Bern and the surrounding area. Each team receives <strong>individual support<\/strong> and can complete the curriculum at their <strong>own pace<\/strong>.<\/p>\n\n\n\n<p>To successfully complete the training, a suitable dog is required. In the first step, we define together which assistance tasks your dog should be able to perform to support you. This could be, for example, an alert from the dog when blood sugar levels drop, a seizure is imminent, or you need help.<\/p>\n\n\n\n<p>During the course of the training, you will learn to perform these exercises with your dog step by step. We prepare you and your dog to pass the \u201cPublic Access Test,\u201d enabling your dog to accompany you wherever possible.<\/p>\n\n\n\n<p>These three assistance dog training programmes are at the forefront of SNIF Dogs Switzerland:<\/p>\n\n\n\n<div class=\"wp-block-group is-style-flexia-sm-bg-shadow has-secondary-background-color has-background has-global-padding is-layout-constrained wp-container-core-group-is-layout-c385debf wp-block-group-is-layout-constrained\" style=\"border-radius:20px;padding-top:var(--wp--preset--spacing--20);padding-right:var(--wp--preset--spacing--20);padding-bottom:var(--wp--preset--spacing--20);padding-left:var(--wp--preset--spacing--20);box-shadow:6px 6px 9px rgba(0, 0, 0, 0.2)\">\n<div class=\"wp-block-media-text has-media-on-the-right is-stacked-on-mobile is-image-fill-element\" style=\"border-style:none;border-width:0px;border-radius:0px;grid-template-columns:auto 45%\"><div class=\"wp-block-media-text__content\">\n<div class=\"wp-block-group has-global-padding is-layout-constrained wp-block-group-is-layout-constrained\" style=\"padding-top:var(--wp--preset--spacing--20);padding-bottom:0\">\n<h2 class=\"wp-block-heading has-text-align-center\">Epilepsy alert dog<\/h2>\n\n\n\n<p>These dogs help people with epilepsy and warn them of impending seizures.<\/p>\n\n\n\n<div class=\"wp-block-buttons is-content-justification-center is-layout-flex wp-container-core-buttons-is-layout-a89b3969 wp-block-buttons-is-layout-flex\" style=\"border-style:none;border-width:0px;border-radius:0px\">\n<div class=\"wp-block-button is-style-fill\"><a class=\"wp-block-button__link has-body-white-color has-text-color has-link-color wp-element-button\" href=\"https:\/\/snifdogs-switzerland.ch\/en\/training\/epilepsy-alert-dog\/\" style=\"border-style:none;border-width:0px;border-radius:8px\">Learn more<\/a><\/div>\n<\/div>\n<\/div>\n<\/div><figure class=\"wp-block-media-text__media\"><img data-dominant-color=\"676768\" data-has-transparency=\"false\" alt=\"\" loading=\"lazy\" decoding=\"async\" width=\"1024\" height=\"645\" src=\"https:\/\/snifdogs-switzerland.ch\/wp-content\/uploads\/2025\/04\/81bc360a-2dcc-4264-bb08-b80b79a89bf4-1024x645.jpeg\" class=\"wp-image-489 size-large not-transparent\" style=\"--dominant-color: #676768; object-position:50% 50%\" srcset=\"https:\/\/snifdogs-switzerland.ch\/wp-content\/uploads\/2025\/04\/81bc360a-2dcc-4264-bb08-b80b79a89bf4-1024x645.jpeg 1024w, https:\/\/snifdogs-switzerland.ch\/wp-content\/uploads\/2025\/04\/81bc360a-2dcc-4264-bb08-b80b79a89bf4-300x189.jpeg 300w, https:\/\/snifdogs-switzerland.ch\/wp-content\/uploads\/2025\/04\/81bc360a-2dcc-4264-bb08-b80b79a89bf4-768x484.jpeg 768w, https:\/\/snifdogs-switzerland.ch\/wp-content\/uploads\/2025\/04\/81bc360a-2dcc-4264-bb08-b80b79a89bf4-1536x968.jpeg 1536w, https:\/\/snifdogs-switzerland.ch\/wp-content\/uploads\/2025\/04\/81bc360a-2dcc-4264-bb08-b80b79a89bf4.jpeg 1600w\" sizes=\"auto, (max-width: 1024px) 100vw, 1024px\" \/><\/figure><\/div>\n<\/div>\n\n\n\n<div class=\"wp-block-group is-style-flexia-sm-bg-shadow has-secondary-background-color has-background has-global-padding is-layout-constrained wp-container-core-group-is-layout-c385debf wp-block-group-is-layout-constrained\" style=\"border-radius:20px;padding-top:var(--wp--preset--spacing--20);padding-right:var(--wp--preset--spacing--20);padding-bottom:var(--wp--preset--spacing--20);padding-left:var(--wp--preset--spacing--20);box-shadow:6px 6px 9px rgba(0, 0, 0, 0.2)\">\n<div class=\"wp-block-media-text is-stacked-on-mobile is-image-fill-element\" style=\"border-style:none;border-width:0px;border-radius:0px;grid-template-columns:45% auto\"><figure class=\"wp-block-media-text__media\"><img data-dominant-color=\"684f38\" data-has-transparency=\"false\" alt=\"\" loading=\"lazy\" decoding=\"async\" width=\"1024\" height=\"683\" src=\"https:\/\/snifdogs-switzerland.ch\/wp-content\/uploads\/2025\/04\/17b94caa-2b2b-4478-96e7-d69cbd576cd9-1024x683.jpeg\" class=\"wp-image-493 size-large not-transparent\" style=\"--dominant-color: #684f38; object-position:50% 50%\" srcset=\"https:\/\/snifdogs-switzerland.ch\/wp-content\/uploads\/2025\/04\/17b94caa-2b2b-4478-96e7-d69cbd576cd9-1024x683.jpeg 1024w, https:\/\/snifdogs-switzerland.ch\/wp-content\/uploads\/2025\/04\/17b94caa-2b2b-4478-96e7-d69cbd576cd9-300x200.jpeg 300w, https:\/\/snifdogs-switzerland.ch\/wp-content\/uploads\/2025\/04\/17b94caa-2b2b-4478-96e7-d69cbd576cd9-768x512.jpeg 768w, https:\/\/snifdogs-switzerland.ch\/wp-content\/uploads\/2025\/04\/17b94caa-2b2b-4478-96e7-d69cbd576cd9-1536x1024.jpeg 1536w, https:\/\/snifdogs-switzerland.ch\/wp-content\/uploads\/2025\/04\/17b94caa-2b2b-4478-96e7-d69cbd576cd9.jpeg 1600w\" sizes=\"auto, (max-width: 1024px) 100vw, 1024px\" \/><\/figure><div class=\"wp-block-media-text__content\">\n<div class=\"wp-block-group has-global-padding is-layout-constrained wp-block-group-is-layout-constrained\" style=\"padding-top:var(--wp--preset--spacing--20);padding-bottom:0\">\n<h2 class=\"wp-block-heading has-text-align-center\">Allergy alert dog<\/h2>\n\n\n\n<p>These dogs are able to detect allergens in their humans\u2019 food, such as peanuts.<\/p>\n\n\n\n<div class=\"wp-block-buttons is-content-justification-center is-layout-flex wp-container-core-buttons-is-layout-a89b3969 wp-block-buttons-is-layout-flex\">\n<div class=\"wp-block-button is-style-fill\"><a class=\"wp-block-button__link has-body-white-color has-text-color has-link-color wp-element-button\" href=\"https:\/\/snifdogs-switzerland.ch\/en\/training\/allergy-alert-dog\/\" style=\"border-radius:8px\">Learn more<\/a><\/div>\n<\/div>\n<\/div>\n<\/div><\/div>\n<\/div>\n\n\n\n<div class=\"wp-block-group is-style-flexia-sm-bg-shadow has-secondary-background-color has-background has-global-padding is-layout-constrained wp-container-core-group-is-layout-c385debf wp-block-group-is-layout-constrained\" style=\"border-radius:20px;padding-top:var(--wp--preset--spacing--20);padding-right:var(--wp--preset--spacing--20);padding-bottom:var(--wp--preset--spacing--20);padding-left:var(--wp--preset--spacing--20);box-shadow:6px 6px 9px rgba(0, 0, 0, 0.2)\">\n<div class=\"wp-block-media-text has-media-on-the-right is-stacked-on-mobile is-image-fill-element\" style=\"border-style:none;border-width:0px;border-radius:0px;grid-template-columns:auto 45%\"><div class=\"wp-block-media-text__content\">\n<div class=\"wp-block-group has-global-padding is-layout-constrained wp-block-group-is-layout-constrained\" style=\"padding-top:var(--wp--preset--spacing--20);padding-bottom:0\">\n<h2 class=\"wp-block-heading has-text-align-center\">Diabetes alert dog<\/h2>\n\n\n\n<p>These dogs are able to detect changes in their partner's blood sugar levels early.<\/p>\n\n\n\n<div class=\"wp-block-buttons is-content-justification-center is-layout-flex wp-container-core-buttons-is-layout-a89b3969 wp-block-buttons-is-layout-flex\">\n<div class=\"wp-block-button is-style-fill\"><a class=\"wp-block-button__link has-body-white-color has-text-color has-link-color wp-element-button\" href=\"https:\/\/snifdogs-switzerland.ch\/en\/training\/diabetic-alert-dog\/\" style=\"border-radius:8px\">Learn more<\/a><\/div>\n<\/div>\n<\/div>\n<\/div><figure class=\"wp-block-media-text__media\"><img data-dominant-color=\"76745d\" data-has-transparency=\"false\" alt=\"\" loading=\"lazy\" decoding=\"async\" width=\"1024\" height=\"614\" src=\"https:\/\/snifdogs-switzerland.ch\/wp-content\/uploads\/2025\/04\/DSC08150Original-scaled-e1744830692546-1024x614.jpg\" class=\"wp-image-1068 size-large not-transparent\" style=\"--dominant-color: #76745d; object-position:50% 50%\" srcset=\"\" sizes=\"auto, (max-width: 1024px) 100vw, 1024px\" data-srcset=\"\" \/><\/figure><\/div>\n<\/div>\n\n\n\n<p>Do you have another condition such as Addison\u2019s disease or narcolepsy? Do you have other special requirements? We are happy to discuss the possibilities with you.<\/p>\n\n\n\n<div class=\"wp-block-group alignfull is-style-default has-secondary-background-color has-background has-global-padding is-content-justification-center is-layout-constrained wp-container-core-group-is-layout-311446d3 wp-block-group-is-layout-constrained\" style=\"margin-top:var(--wp--preset--spacing--50);margin-bottom:var(--wp--preset--spacing--50);padding-top:var(--wp--preset--spacing--20);padding-right:var(--wp--preset--spacing--20);padding-bottom:var(--wp--preset--spacing--20);padding-left:var(--wp--preset--spacing--20);box-shadow:none\">\n<p class=\"has-text-align-center\">Would you like to learn more? <strong>Do not hesitate \u2013 reach out to us.<\/strong><\/p>\n\n\n\n<div class=\"wp-block-buttons is-content-justification-center is-layout-flex wp-container-core-buttons-is-layout-a89b3969 wp-block-buttons-is-layout-flex\" style=\"border-radius:20px\">\n<div class=\"wp-block-button is-style-flexia-btn-theme\"><a class=\"wp-block-button__link has-body-white-color has-text-color has-link-color wp-element-button\" href=\"https:\/\/snifdogs-switzerland.ch\/en\/contact\/\" style=\"border-radius:8px\">Contact us<\/a><\/div>\n<\/div>\n<\/div>","protected":false},"excerpt":{"rendered":"<p>Sie leben mit Diabetes, Epilepsie oder starken Allergien und \u00fcberlegen, ob ein Assistenzhund Sie im Alltag unterst\u00fctzen k\u00f6nnte? Unsere erfahrenen Ausbilderinnen begleiten Sie auf diesem Weg und vermitteln Ihnen das notwendige Wissen, um Ihren Hund selbst auszubilden. Wir steht Ihnen mit Fachkompetenz und Einf\u00fchlungsverm\u00f6gen zur Seite und f\u00fchren Sie sicher durch die Ausbildungszeit. Die Ausbildung [&hellip;]<\/p>\n","protected":false},"author":1,"featured_media":1328,"parent":0,"menu_order":2,"comment_status":"closed","ping_status":"closed","template":"","meta":{"_seopress_robots_primary_cat":"","_seopress_titles_title":"Assistenzhunde Ausbildung - SNIF Dogs Switzerland","_seopress_titles_desc":"Gemeinsam zum Assistenzhund \u2013 das ist unser Ziel. Sie bilden Ihren Hund selbst aus \u2013 wir unterst\u00fctzen Sie dabei.","_seopress_robots_index":"","footnotes":""},"class_list":["post-112","page","type-page","status-publish","has-post-thumbnail","hentry"],"_links":{"self":[{"href":"https:\/\/snifdogs-switzerland.ch\/en\/wp-json\/wp\/v2\/pages\/112","targetHints":{"allow":["GET"]}}],"collection":[{"href":"https:\/\/snifdogs-switzerland.ch\/en\/wp-json\/wp\/v2\/pages"}],"about":[{"href":"https:\/\/snifdogs-switzerland.ch\/en\/wp-json\/wp\/v2\/types\/page"}],"author":[{"embeddable":true,"href":"https:\/\/snifdogs-switzerland.ch\/en\/wp-json\/wp\/v2\/users\/1"}],"replies":[{"embeddable":true,"href":"https:\/\/snifdogs-switzerland.ch\/en\/wp-json\/wp\/v2\/comments?post=112"}],"version-history":[{"count":84,"href":"https:\/\/snifdogs-switzerland.ch\/en\/wp-json\/wp\/v2\/pages\/112\/revisions"}],"predecessor-version":[{"id":1314,"href":"https:\/\/snifdogs-switzerland.ch\/en\/wp-json\/wp\/v2\/pages\/112\/revisions\/1314"}],"wp:featuredmedia":[{"embeddable":true,"href":"https:\/\/snifdogs-switzerland.ch\/en\/wp-json\/wp\/v2\/media\/1328"}],"wp:attachment":[{"href":"https:\/\/snifdogs-switzerland.ch\/en\/wp-json\/wp\/v2\/media?parent=112"}],"curies":[{"name":"wp","href":"https:\/\/api.w.org\/{rel}","templated":true}]}}